{"id":7498,"date":"2025-01-07T15:37:17","date_gmt":"2025-01-07T14:37:17","guid":{"rendered":"https:\/\/sportbeeper.com\/?post_type=product&#038;p=7498"},"modified":"2026-02-26T15:57:31","modified_gmt":"2026-02-26T14:57:31","slug":"sportbeeper-eps","status":"publish","type":"product","link":"https:\/\/sportbeeper.com\/fr\/produit\/sportbeeper-eps\/","title":{"rendered":"Sportbeeper EPS"},"content":{"rendered":"<h3>Sportbeeper + sourdine + tr\u00e9pied + adaptateur + cordon<\/h3>\n<p>Le sportbeeper est l\u2019outil id\u00e9al pour <strong>assurer le pilotage s\u00e9quentiel et sonore des exercices<\/strong> et <strong>d\u00e9gager les professeurs d&rsquo;EPS des fastidieux coups de sifflets<\/strong> afin qu\u2019il puisse <strong>se consacrer exclusivement \u00e0 l\u2019animation de sa s\u00e9ance<\/strong> sans perdre de vue ses \u00e9l\u00e8ves en action. C\u2019est un outil <strong>intuitif <\/strong>et <strong>simple <\/strong>d\u2019utilisation disposant d\u2019une grande autonomie (aux alentours de 20 s\u00e9ances de 2heures). \u00a0Il est d\u00e9livr\u00e9 un SPL d\u2019au moins 102 db<\/p>\n<p>De plus, le Sportbeeper est compos\u00e9 de deux menus :<\/p>\n<ul>\n<li style=\"list-style-type: none;\">\n<ul>\n<li>Menu training : comporte 5 tests VMA ( VAMEVAL, COOPER, DEMI COOPER, 45-15, NAVETTE. Ce menu est id\u00e9al pour l\u2019ensemble de vos tests VMA<\/li>\n<li>Menu entrainement : pr\u00e9sence de 5 biblioth\u00e8ques d\u2019entrainements toutes param\u00e8trables et m\u00e9morisables: Minuteur, Intermittent Cyclique,intermittent bi-cyclique, Combin\u00e9, pas 3,6, Allure constante.<\/li>\n<li>Le tab-odom\u00e8tre calcule et affiche les distances \u00e0 parcourir en fonction de la vitesse pour chaque s\u00e9quence.<\/li>\n<li>Le candenceur 3.6 Gacon permet de r\u00e9guler pr\u00e9cis\u00e9ment les allures. Cet intermittent est tr\u00e8s utile pour les phases de r\u00e9athl\u00e9tisation.<\/li>\n<\/ul>\n<\/li>\n<\/ul>\n<p>Il est possible d\u2019augmenter ou de diminuer la luminosit\u00e9.<\/p>\n<p>On a tendance \u00e0 oublier qu\u2019en France, nous avons un savoir-faire de qualit\u00e9. De ce fait la majorit\u00e9 des composants sont fabriqu\u00e9s en France et plus pr\u00e9cis\u00e9ment en r\u00e9gion Rh\u00f4ne Alpes ainsi que l\u2019assemblage.<\/p>\n<p>Le Sportbeeper est livr\u00e9 avec\u00a0:<\/p>\n<ul>\n<li style=\"list-style-type: none;\">\n<ul>\n<li>Une sourdine<\/li>\n<li>1 adaptateur<\/li>\n<li>1 cordon secteur<\/li>\n<li>1 tr\u00e9pied<\/li>\n<\/ul>\n<\/li>\n<\/ul>\n<p>Pour finir, le Sportbeeper Pro est param\u00e8trable en Fran\u00e7ais et en anglais et dispose des normes FCC et CE.<\/p>\n<p><iframe loading=\"lazy\" title=\"Pr\u00e9sentation Sportbeeper\" width=\"1080\" height=\"608\" src=\"https:\/\/www.youtube.com\/embed\/DUfIVf8yUqk?start=4&#038;feature=oembed\"  allow=\"accelerometer; autoplay; clipboard-write; encrypted-media; gyroscope; picture-in-picture; web-share\" referrerpolicy=\"strict-origin-when-cross-origin\" allowfullscreen><\/iframe><\/p>\n<p><span style=\"color: #ff6600;\"><em><strong><a style=\"color: #ff6600;\" href=\"https:\/\/sportbeeper.com\/wp-content\/uploads\/2022\/09\/SportBeeperPro-Plaquette-Technique-2_compressed.pdf\" target=\"_blank\" rel=\"noopener\">T\u00e9l\u00e9charger la plaquette technique<\/a><\/strong><\/em><\/span><\/p>\n<p>Vid\u00e9o de la r\u00e9gion Auvergne Rh\u00f4ne Alpes avec le coll\u00e8ge SAINT PIERRE\u00a0 de Montrond les Bains.<\/p>\n<p>&nbsp;<\/p>\n","protected":false},"excerpt":{"rendered":"<p>Le sportbeeper est l\u2019outil id\u00e9al pour <strong>assurer le pilotage s\u00e9quentiel et sonore des exercices<\/strong> et <strong>d\u00e9gager l\u2019entraineur des fastidieux coups de sifflets<\/strong> afin qu\u2019il puisse <strong>se consacrer exclusivement \u00e0 l\u2019animation de sa s\u00e9ance<\/strong> sans perdre de vue ses athl\u00e8tes en action.<\/p>\n","protected":false},"featured_media":7563,"template":"","meta":{"_acf_changed":false,"_et_pb_use_builder":"","_et_pb_old_content":"","_et_gb_content_width":""},"product_brand":[],"product_cat":[82],"product_tag":[113,97],"class_list":{"0":"post-7498","1":"product","2":"type-product","3":"status-publish","4":"has-post-thumbnail","6":"product_cat-vente-sportbeeper-pro","7":"product_tag-pack","8":"product_tag-sportbeeper","10":"first","11":"outofstock","12":"taxable","13":"shipping-taxable","14":"purchasable","15":"product-type-simple"},"acf":[],"_links":{"self":[{"href":"https:\/\/sportbeeper.com\/fr\/wp-json\/wp\/v2\/product\/7498","targetHints":{"allow":["GET"]}}],"collection":[{"href":"https:\/\/sportbeeper.com\/fr\/wp-json\/wp\/v2\/product"}],"about":[{"href":"https:\/\/sportbeeper.com\/fr\/wp-json\/wp\/v2\/types\/product"}],"wp:featuredmedia":[{"embeddable":true,"href":"https:\/\/sportbeeper.com\/fr\/wp-json\/wp\/v2\/media\/7563"}],"wp:attachment":[{"href":"https:\/\/sportbeeper.com\/fr\/wp-json\/wp\/v2\/media?parent=7498"}],"wp:term":[{"taxonomy":"product_brand","embeddable":true,"href":"https:\/\/sportbeeper.com\/fr\/wp-json\/wp\/v2\/product_brand?post=7498"},{"taxonomy":"product_cat","embeddable":true,"href":"https:\/\/sportbeeper.com\/fr\/wp-json\/wp\/v2\/product_cat?post=7498"},{"taxonomy":"product_tag","embeddable":true,"href":"https:\/\/sportbeeper.com\/fr\/wp-json\/wp\/v2\/product_tag?post=7498"}],"curies":[{"name":"wp","href":"https:\/\/api.w.org\/{rel}","templated":true}]}}