{"id":4527,"date":"2022-09-09T12:10:06","date_gmt":"2022-09-09T10:10:06","guid":{"rendered":"https:\/\/sportbeeper.com\/?post_type=product&#038;p=4527"},"modified":"2026-01-12T14:13:06","modified_gmt":"2026-01-12T13:13:06","slug":"sourdine-pour-sportbeeper-pro","status":"publish","type":"product","link":"https:\/\/sportbeeper.com\/fr\/produit\/sourdine-pour-sportbeeper-pro\/","title":{"rendered":"Sourdine pour Sportbeeper Pro"},"content":{"rendered":"<p>Cette sourdine est con\u00e7ue sp\u00e9cialement pour le Sportbeeper Pro.<\/p>\n<p>Son diam\u00e8tre \u00e9tant de 68.8 mm lui permet de rentrer dans le moule du Sportbeeper. Cette sourdine vous sera utile afin d\u2019att\u00e9nuer le son (notamment lors de vos exercices en salle). Elle vous permet ainsi d\u2019utiliser le Sportbeeper en ext\u00e9rieur mais \u00e9galement en salle.<\/p>\n<p>Afin d\u2019avoir une relation avec l\u2019arri\u00e8re de la coque du Sportbeeper, la sourdine est de couleur noire.<\/p>\n<p>Dans notre objectif de valoriser la fabrication \u00ab made in France \u00bb, elle a \u00e9t\u00e9 \u00e9labor\u00e9e en Haute Savoie.<\/p>\n","protected":false},"excerpt":{"rendered":"<p>Cette sourdine est con\u00e7ue sp\u00e9cialement pour le Sportbeeper Pro.<\/p>\n","protected":false},"featured_media":4530,"template":"","meta":{"_acf_changed":false,"_et_pb_use_builder":"","_et_pb_old_content":"","_et_gb_content_width":""},"product_brand":[],"product_cat":[86,82],"product_tag":[98,97],"class_list":{"0":"post-4527","1":"product","2":"type-product","3":"status-publish","4":"has-post-thumbnail","6":"product_cat-accessoires","7":"product_cat-vente-sportbeeper-pro","8":"product_tag-accessoire","9":"product_tag-sportbeeper","11":"first","12":"outofstock","13":"taxable","14":"shipping-taxable","15":"purchasable","16":"product-type-simple"},"acf":[],"_links":{"self":[{"href":"https:\/\/sportbeeper.com\/fr\/wp-json\/wp\/v2\/product\/4527","targetHints":{"allow":["GET"]}}],"collection":[{"href":"https:\/\/sportbeeper.com\/fr\/wp-json\/wp\/v2\/product"}],"about":[{"href":"https:\/\/sportbeeper.com\/fr\/wp-json\/wp\/v2\/types\/product"}],"wp:featuredmedia":[{"embeddable":true,"href":"https:\/\/sportbeeper.com\/fr\/wp-json\/wp\/v2\/media\/4530"}],"wp:attachment":[{"href":"https:\/\/sportbeeper.com\/fr\/wp-json\/wp\/v2\/media?parent=4527"}],"wp:term":[{"taxonomy":"product_brand","embeddable":true,"href":"https:\/\/sportbeeper.com\/fr\/wp-json\/wp\/v2\/product_brand?post=4527"},{"taxonomy":"product_cat","embeddable":true,"href":"https:\/\/sportbeeper.com\/fr\/wp-json\/wp\/v2\/product_cat?post=4527"},{"taxonomy":"product_tag","embeddable":true,"href":"https:\/\/sportbeeper.com\/fr\/wp-json\/wp\/v2\/product_tag?post=4527"}],"curies":[{"name":"wp","href":"https:\/\/api.w.org\/{rel}","templated":true}]}}