{"id":4520,"date":"2022-09-09T12:12:15","date_gmt":"2022-09-09T10:12:15","guid":{"rendered":"https:\/\/sportbeeper.com\/?post_type=product&#038;p=4520"},"modified":"2026-03-13T14:13:46","modified_gmt":"2026-03-13T13:13:46","slug":"cable-alimentation-sportbeeper","status":"publish","type":"product","link":"https:\/\/sportbeeper.com\/fr\/produit\/cable-alimentation-sportbeeper\/","title":{"rendered":"Cable d&rsquo;alimentation"},"content":{"rendered":"<p>Ce c\u00e2ble d\u2019alimentation permet de faire charger le Sportbeeper Pro. La longueur du c\u00e2ble est de 183 centim\u00e8tres \u00e0 plus ou moins 50 mm.<\/p>\n<p>L\u2019intensit\u00e9 du courant \u00e9lectrique de ce c\u00e2ble est de 16 amp\u00e8res. La Tension de voltage est de 250 Volts<\/p>\n","protected":false},"excerpt":{"rendered":"<p>Ce c\u00e2ble d\u2019alimentation permet de faire charger le Sportbeeper Pro.<\/p>\n","protected":false},"featured_media":4525,"template":"","meta":{"_acf_changed":false,"_et_pb_use_builder":"","_et_pb_old_content":"","_et_gb_content_width":""},"product_brand":[],"product_cat":[86],"product_tag":[98,97],"class_list":{"0":"post-4520","1":"product","2":"type-product","3":"status-publish","4":"has-post-thumbnail","6":"product_cat-accessoires","7":"product_tag-accessoire","8":"product_tag-sportbeeper","10":"first","11":"outofstock","12":"taxable","13":"shipping-taxable","14":"purchasable","15":"product-type-simple"},"acf":[],"_links":{"self":[{"href":"https:\/\/sportbeeper.com\/fr\/wp-json\/wp\/v2\/product\/4520","targetHints":{"allow":["GET"]}}],"collection":[{"href":"https:\/\/sportbeeper.com\/fr\/wp-json\/wp\/v2\/product"}],"about":[{"href":"https:\/\/sportbeeper.com\/fr\/wp-json\/wp\/v2\/types\/product"}],"wp:featuredmedia":[{"embeddable":true,"href":"https:\/\/sportbeeper.com\/fr\/wp-json\/wp\/v2\/media\/4525"}],"wp:attachment":[{"href":"https:\/\/sportbeeper.com\/fr\/wp-json\/wp\/v2\/media?parent=4520"}],"wp:term":[{"taxonomy":"product_brand","embeddable":true,"href":"https:\/\/sportbeeper.com\/fr\/wp-json\/wp\/v2\/product_brand?post=4520"},{"taxonomy":"product_cat","embeddable":true,"href":"https:\/\/sportbeeper.com\/fr\/wp-json\/wp\/v2\/product_cat?post=4520"},{"taxonomy":"product_tag","embeddable":true,"href":"https:\/\/sportbeeper.com\/fr\/wp-json\/wp\/v2\/product_tag?post=4520"}],"curies":[{"name":"wp","href":"https:\/\/api.w.org\/{rel}","templated":true}]}}