{"id":3138,"date":"2020-04-20T16:00:10","date_gmt":"2020-04-20T14:00:10","guid":{"rendered":"https:\/\/sportbeeper.com\/?page_id=3138"},"modified":"2021-09-08T12:32:58","modified_gmt":"2021-09-08T10:32:58","slug":"warranty","status":"publish","type":"page","link":"https:\/\/sportbeeper.com\/en\/warranty\/","title":{"rendered":"Warranty"},"content":{"rendered":"<p>[et_pb_section fb_built=&#8221;1&#8243; admin_label=&#8221;section&#8221; _builder_version=&#8221;4.4.2&#8243; custom_margin=&#8221;0px||0px|0px|false|false&#8221; custom_padding=&#8221;0px|0px|0px|0px|false|false&#8221; da_disable_devices=&#8221;off|off|off&#8221; global_colors_info=&#8221;{}&#8221; da_is_popup=&#8221;off&#8221; da_exit_intent=&#8221;off&#8221; da_has_close=&#8221;on&#8221; da_alt_close=&#8221;off&#8221; da_dark_close=&#8221;off&#8221; da_not_modal=&#8221;on&#8221; da_is_singular=&#8221;off&#8221; da_with_loader=&#8221;off&#8221; da_has_shadow=&#8221;on&#8221;][et_pb_row column_structure=&#8221;1_3,2_3&#8243; admin_label=&#8221;row&#8221; _builder_version=&#8221;4.4.2&#8243; background_size=&#8221;initial&#8221; background_position=&#8221;top_left&#8221; background_repeat=&#8221;repeat&#8221; width=&#8221;100%&#8221; custom_margin=&#8221;0px|0px|0px|0px|false|false&#8221; custom_padding=&#8221;0px|0px|0px|0px|false|false&#8221; global_colors_info=&#8221;{}&#8221;][et_pb_column type=&#8221;1_3&#8243; _builder_version=&#8221;3.25&#8243; custom_padding=&#8221;|||&#8221; global_colors_info=&#8221;{}&#8221; custom_padding__hover=&#8221;|||&#8221;][et_pb_text admin_label=&#8221;Text&#8221; _builder_version=&#8221;4.4.2&#8243; background_size=&#8221;initial&#8221; background_position=&#8221;top_left&#8221; background_repeat=&#8221;repeat&#8221; global_colors_info=&#8221;{}&#8221;]<\/p>\n<p style=\"text-align: justify;\">In order to guarantee the registration of your SportBeeper with the After Sales Service (SAV) and thus validate and start your warranty, we ask you to fill out the form below. Thank you for your diligence.<\/p>\n<p style=\"text-align: right;\">The SportBeeper team.<\/p>\n<h4 style=\"text-align: center;\">How to find your serial number (IUD)<\/h4>\n<p style=\"text-align: center;\">Turn on your SportBeeper then go to:<br \/>Setting \u2192 About (note UID at the top)<\/p>\n<p>[\/et_pb_text][\/et_pb_column][et_pb_column type=&#8221;2_3&#8243; _builder_version=&#8221;3.25&#8243; custom_padding=&#8221;|||&#8221; global_colors_info=&#8221;{}&#8221; custom_padding__hover=&#8221;|||&#8221;][et_pb_code _builder_version=&#8221;4.5.6&#8243; custom_margin=&#8221;0px||0px||false|false&#8221; custom_padding=&#8221;0px||0px||false|false&#8221; global_colors_info=&#8221;{}&#8221;]<script><!-- [et_pb_line_break_holder] --><!-- [et_pb_line_break_holder] -->  jQuery(document).ready(function($){<!-- [et_pb_line_break_holder] -->    $('#et_pb_contact_dc_date_0').daterangepicker({<!-- [et_pb_line_break_holder] -->    \"singleDatePicker\": true,<!-- [et_pb_line_break_holder] -->    \"locale\": {<!-- [et_pb_line_break_holder] -->        \"format\": \"MM\/DD\/YYYY\",<!-- [et_pb_line_break_holder] -->        \"daysOfWeek\": [<!-- [et_pb_line_break_holder] -->            \"Sun\",<!-- [et_pb_line_break_holder] -->            \"Mon\",<!-- [et_pb_line_break_holder] -->            \"Tue\",<!-- [et_pb_line_break_holder] -->            \"Wed\",<!-- [et_pb_line_break_holder] -->            \"Thu\",<!-- [et_pb_line_break_holder] -->            \"Fri\",<!-- [et_pb_line_break_holder] -->            \"Sun\"<!-- [et_pb_line_break_holder] -->        ],<!-- [et_pb_line_break_holder] -->        \"monthNames\": [<!-- [et_pb_line_break_holder] -->            \"January\",<!-- [et_pb_line_break_holder] -->            \"February\",<!-- [et_pb_line_break_holder] -->            \"March\",<!-- [et_pb_line_break_holder] -->            \"April\",<!-- [et_pb_line_break_holder] -->            \"May\",<!-- [et_pb_line_break_holder] -->            \"June\",<!-- [et_pb_line_break_holder] -->            \"July\",<!-- [et_pb_line_break_holder] -->            \"August\",<!-- [et_pb_line_break_holder] -->            \"September\",<!-- [et_pb_line_break_holder] -->            \"October\",<!-- [et_pb_line_break_holder] -->            \"November\",<!-- [et_pb_line_break_holder] -->            \"December\"<!-- [et_pb_line_break_holder] -->        ],<!-- [et_pb_line_break_holder] -->        \"firstDay\": 1<!-- [et_pb_line_break_holder] -->    },<!-- [et_pb_line_break_holder] -->    \"opens\": \"right\"<!-- [et_pb_line_break_holder] -->    })<!-- [et_pb_line_break_holder] -->  });<!-- [et_pb_line_break_holder] -->    <!-- [et_pb_line_break_holder] --><\/script>[\/et_pb_code][et_pb_contact_form email=&#8221;sabinechambe@gmail.com,contact@sportbeeper.com&#8221; custom_message=&#8221;Votre nom :||et_pb_line_break_holder||%%Nom%%||et_pb_line_break_holder||||et_pb_line_break_holder||Votre pr\u00e9nom :||et_pb_line_break_holder||%%Prenom%%||et_pb_line_break_holder||||et_pb_line_break_holder||Soci\u00e9t\u00e9 \/ association :||et_pb_line_break_holder||%%Societe%%||et_pb_line_break_holder||||et_pb_line_break_holder||Votre adresse email :||et_pb_line_break_holder||%%Email%%||et_pb_line_break_holder||||et_pb_line_break_holder||T\u00e9l\u00e9phone :||et_pb_line_break_holder||%%Telephone%%||et_pb_line_break_holder||||et_pb_line_break_holder||Votre date d\u2019achat (attention, date au format anglais mois\/jour\/ann\u00e9e) :||et_pb_line_break_holder||%%dc_date%%||et_pb_line_break_holder||||et_pb_line_break_holder||N\u00b0 de s\u00e9rie de votre SportBeeper :||et_pb_line_break_holder||%%UID%%||et_pb_line_break_holder||||et_pb_line_break_holder||Disciplines dans laquelle vous exercez : ||et_pb_line_break_holder||%%Disciplines%%||et_pb_line_break_holder||&#8221; success_message=&#8221;Form sent: your guarantee will be validated after verification.&#8221; submit_button_text=&#8221; Register warranty&#8221; admin_label=&#8221;Formulaire de garantie&#8221; module_class=&#8221;garantie&#8221; _builder_version=&#8221;4.10.6&#8243; custom_button=&#8221;on&#8221; button_text_color=&#8221;#000000&#8243; button_border_color=&#8221;#000000&#8243; button_border_radius=&#8221;30px&#8221; hover_enabled=&#8221;0&#8243; global_colors_info=&#8221;{}&#8221; sticky_enabled=&#8221;0&#8243;][et_pb_contact_field field_id=&#8221;Nom&#8221; field_title=&#8221;Your name (required) &#8221; _builder_version=&#8221;4.4.3&#8243; global_colors_info=&#8221;{}&#8221; button_text_size__hover_enabled=&#8221;off&#8221; button_one_text_size__hover_enabled=&#8221;off&#8221; button_two_text_size__hover_enabled=&#8221;off&#8221; button_text_color__hover_enabled=&#8221;off&#8221; button_one_text_color__hover_enabled=&#8221;off&#8221; button_two_text_color__hover_enabled=&#8221;off&#8221; button_border_width__hover_enabled=&#8221;off&#8221; button_one_border_width__hover_enabled=&#8221;off&#8221; button_two_border_width__hover_enabled=&#8221;off&#8221; button_border_color__hover_enabled=&#8221;off&#8221; button_one_border_color__hover_enabled=&#8221;off&#8221; button_two_border_color__hover_enabled=&#8221;off&#8221; button_border_radius__hover_enabled=&#8221;off&#8221; button_one_border_radius__hover_enabled=&#8221;off&#8221; button_two_border_radius__hover_enabled=&#8221;off&#8221; button_letter_spacing__hover_enabled=&#8221;off&#8221; button_one_letter_spacing__hover_enabled=&#8221;off&#8221; button_two_letter_spacing__hover_enabled=&#8221;off&#8221; button_bg_color__hover_enabled=&#8221;off&#8221; button_one_bg_color__hover_enabled=&#8221;off&#8221; button_two_bg_color__hover_enabled=&#8221;off&#8221;][\/et_pb_contact_field][et_pb_contact_field field_id=&#8221;Prenom&#8221; field_title=&#8221;Your first name&#8221; required_mark=&#8221;off&#8221; _builder_version=&#8221;4.5.6&#8243; global_colors_info=&#8221;{}&#8221; button_text_size__hover_enabled=&#8221;off&#8221; button_one_text_size__hover_enabled=&#8221;off&#8221; button_two_text_size__hover_enabled=&#8221;off&#8221; button_text_color__hover_enabled=&#8221;off&#8221; button_one_text_color__hover_enabled=&#8221;off&#8221; button_two_text_color__hover_enabled=&#8221;off&#8221; button_border_width__hover_enabled=&#8221;off&#8221; button_one_border_width__hover_enabled=&#8221;off&#8221; button_two_border_width__hover_enabled=&#8221;off&#8221; button_border_color__hover_enabled=&#8221;off&#8221; button_one_border_color__hover_enabled=&#8221;off&#8221; button_two_border_color__hover_enabled=&#8221;off&#8221; button_border_radius__hover_enabled=&#8221;off&#8221; button_one_border_radius__hover_enabled=&#8221;off&#8221; button_two_border_radius__hover_enabled=&#8221;off&#8221; button_letter_spacing__hover_enabled=&#8221;off&#8221; button_one_letter_spacing__hover_enabled=&#8221;off&#8221; button_two_letter_spacing__hover_enabled=&#8221;off&#8221; button_bg_color__hover_enabled=&#8221;off&#8221; button_one_bg_color__hover_enabled=&#8221;off&#8221; button_two_bg_color__hover_enabled=&#8221;off&#8221;][\/et_pb_contact_field][et_pb_contact_field field_id=&#8221;Societe&#8221; field_title=&#8221;Company \/ association&#8221; required_mark=&#8221;off&#8221; fullwidth_field=&#8221;on&#8221; _builder_version=&#8221;4.10.6&#8243; global_colors_info=&#8221;{}&#8221; button_text_size__hover_enabled=&#8221;off&#8221; button_one_text_size__hover_enabled=&#8221;off&#8221; button_two_text_size__hover_enabled=&#8221;off&#8221; button_text_color__hover_enabled=&#8221;off&#8221; button_one_text_color__hover_enabled=&#8221;off&#8221; button_two_text_color__hover_enabled=&#8221;off&#8221; button_border_width__hover_enabled=&#8221;off&#8221; button_one_border_width__hover_enabled=&#8221;off&#8221; button_two_border_width__hover_enabled=&#8221;off&#8221; button_border_color__hover_enabled=&#8221;off&#8221; button_one_border_color__hover_enabled=&#8221;off&#8221; button_two_border_color__hover_enabled=&#8221;off&#8221; button_border_radius__hover_enabled=&#8221;off&#8221; button_one_border_radius__hover_enabled=&#8221;off&#8221; button_two_border_radius__hover_enabled=&#8221;off&#8221; button_letter_spacing__hover_enabled=&#8221;off&#8221; button_one_letter_spacing__hover_enabled=&#8221;off&#8221; button_two_letter_spacing__hover_enabled=&#8221;off&#8221; button_bg_color__hover_enabled=&#8221;off&#8221; button_one_bg_color__hover_enabled=&#8221;off&#8221; button_two_bg_color__hover_enabled=&#8221;off&#8221;][\/et_pb_contact_field][et_pb_contact_field field_id=&#8221;Telephone&#8221; field_title=&#8221;Your phone number (required)&#8221; _builder_version=&#8221;4.10.6&#8243; hover_enabled=&#8221;0&#8243; global_colors_info=&#8221;{}&#8221; button_text_size__hover_enabled=&#8221;off&#8221; button_one_text_size__hover_enabled=&#8221;off&#8221; button_two_text_size__hover_enabled=&#8221;off&#8221; button_text_color__hover_enabled=&#8221;off&#8221; button_one_text_color__hover_enabled=&#8221;off&#8221; button_two_text_color__hover_enabled=&#8221;off&#8221; button_border_width__hover_enabled=&#8221;off&#8221; button_one_border_width__hover_enabled=&#8221;off&#8221; button_two_border_width__hover_enabled=&#8221;off&#8221; button_border_color__hover_enabled=&#8221;off&#8221; button_one_border_color__hover_enabled=&#8221;off&#8221; button_two_border_color__hover_enabled=&#8221;off&#8221; button_border_radius__hover_enabled=&#8221;off&#8221; button_one_border_radius__hover_enabled=&#8221;off&#8221; button_two_border_radius__hover_enabled=&#8221;off&#8221; button_letter_spacing__hover_enabled=&#8221;off&#8221; button_one_letter_spacing__hover_enabled=&#8221;off&#8221; button_two_letter_spacing__hover_enabled=&#8221;off&#8221; button_bg_color__hover_enabled=&#8221;off&#8221; button_one_bg_color__hover_enabled=&#8221;off&#8221; button_two_bg_color__hover_enabled=&#8221;off&#8221; sticky_enabled=&#8221;0&#8243;][\/et_pb_contact_field][et_pb_contact_field field_id=&#8221;Email&#8221; field_title=&#8221;Your email address (required)&#8221; field_type=&#8221;email&#8221; _builder_version=&#8221;4.5.6&#8243; global_colors_info=&#8221;{}&#8221; button_text_size__hover_enabled=&#8221;off&#8221; button_one_text_size__hover_enabled=&#8221;off&#8221; button_two_text_size__hover_enabled=&#8221;off&#8221; button_text_color__hover_enabled=&#8221;off&#8221; button_one_text_color__hover_enabled=&#8221;off&#8221; button_two_text_color__hover_enabled=&#8221;off&#8221; button_border_width__hover_enabled=&#8221;off&#8221; button_one_border_width__hover_enabled=&#8221;off&#8221; button_two_border_width__hover_enabled=&#8221;off&#8221; button_border_color__hover_enabled=&#8221;off&#8221; button_one_border_color__hover_enabled=&#8221;off&#8221; button_two_border_color__hover_enabled=&#8221;off&#8221; button_border_radius__hover_enabled=&#8221;off&#8221; button_one_border_radius__hover_enabled=&#8221;off&#8221; button_two_border_radius__hover_enabled=&#8221;off&#8221; button_letter_spacing__hover_enabled=&#8221;off&#8221; button_one_letter_spacing__hover_enabled=&#8221;off&#8221; button_two_letter_spacing__hover_enabled=&#8221;off&#8221; button_bg_color__hover_enabled=&#8221;off&#8221; button_one_bg_color__hover_enabled=&#8221;off&#8221; button_two_bg_color__hover_enabled=&#8221;off&#8221;][\/et_pb_contact_field][et_pb_contact_field field_id=&#8221;dc_date&#8221; field_title=&#8221;Your purchase date (required)&#8221; _builder_version=&#8221;4.5.6&#8243; global_colors_info=&#8221;{}&#8221; button_text_size__hover_enabled=&#8221;off&#8221; button_one_text_size__hover_enabled=&#8221;off&#8221; button_two_text_size__hover_enabled=&#8221;off&#8221; button_text_color__hover_enabled=&#8221;off&#8221; button_one_text_color__hover_enabled=&#8221;off&#8221; button_two_text_color__hover_enabled=&#8221;off&#8221; button_border_width__hover_enabled=&#8221;off&#8221; button_one_border_width__hover_enabled=&#8221;off&#8221; button_two_border_width__hover_enabled=&#8221;off&#8221; button_border_color__hover_enabled=&#8221;off&#8221; button_one_border_color__hover_enabled=&#8221;off&#8221; button_two_border_color__hover_enabled=&#8221;off&#8221; button_border_radius__hover_enabled=&#8221;off&#8221; button_one_border_radius__hover_enabled=&#8221;off&#8221; button_two_border_radius__hover_enabled=&#8221;off&#8221; button_letter_spacing__hover_enabled=&#8221;off&#8221; button_one_letter_spacing__hover_enabled=&#8221;off&#8221; button_two_letter_spacing__hover_enabled=&#8221;off&#8221; button_bg_color__hover_enabled=&#8221;off&#8221; button_one_bg_color__hover_enabled=&#8221;off&#8221; button_two_bg_color__hover_enabled=&#8221;off&#8221;][\/et_pb_contact_field][et_pb_contact_field field_id=&#8221;UID&#8221; field_title=&#8221;UID (required): \u2026\u2026..-\u2026\u2026..-\u2026\u2026..&#8221; _builder_version=&#8221;4.4.3&#8243; global_colors_info=&#8221;{}&#8221;][\/et_pb_contact_field][et_pb_contact_field field_id=&#8221;Disciplines&#8221; field_title=&#8221;Disciplines in which you practice:&#8221; field_type=&#8221;text&#8221; fullwidth_field=&#8221;on&#8221; _builder_version=&#8221;4.4.3&#8243; global_colors_info=&#8221;{}&#8221; button_text_size__hover_enabled=&#8221;off&#8221; button_one_text_size__hover_enabled=&#8221;off&#8221; button_two_text_size__hover_enabled=&#8221;off&#8221; button_text_color__hover_enabled=&#8221;off&#8221; button_one_text_color__hover_enabled=&#8221;off&#8221; button_two_text_color__hover_enabled=&#8221;off&#8221; button_border_width__hover_enabled=&#8221;off&#8221; button_one_border_width__hover_enabled=&#8221;off&#8221; button_two_border_width__hover_enabled=&#8221;off&#8221; button_border_color__hover_enabled=&#8221;off&#8221; button_one_border_color__hover_enabled=&#8221;off&#8221; button_two_border_color__hover_enabled=&#8221;off&#8221; button_border_radius__hover_enabled=&#8221;off&#8221; button_one_border_radius__hover_enabled=&#8221;off&#8221; button_two_border_radius__hover_enabled=&#8221;off&#8221; button_letter_spacing__hover_enabled=&#8221;off&#8221; button_one_letter_spacing__hover_enabled=&#8221;off&#8221; button_two_letter_spacing__hover_enabled=&#8221;off&#8221; button_bg_color__hover_enabled=&#8221;off&#8221; button_one_bg_color__hover_enabled=&#8221;off&#8221; button_two_bg_color__hover_enabled=&#8221;off&#8221;][\/et_pb_contact_field][\/et_pb_contact_form][\/et_pb_column][\/et_pb_row][et_pb_row _builder_version=&#8221;4.4.2&#8243; width=&#8221;100%&#8221; global_colors_info=&#8221;{}&#8221;][et_pb_column type=&#8221;4_4&#8243; _builder_version=&#8221;4.4.2&#8243; global_colors_info=&#8221;{}&#8221;][et_pb_text admin_label=&#8221;Text&#8221; _builder_version=&#8221;4.4.2&#8243; header_4_font_size=&#8221;20px&#8221; header_4_line_height=&#8221;1.4em&#8221; background_size=&#8221;initial&#8221; background_position=&#8221;top_left&#8221; background_repeat=&#8221;repeat&#8221; global_colors_info=&#8221;{}&#8221;]<\/p>\n<h4 style=\"text-align: justify;\"><span style=\"color: #ff0000;\">After verification and receipt of your equipment registration, you will receive your user manual in your mailbox..<\/span><\/h4>\n<p style=\"text-align: justify;\"><strong>SportBeeper Pro<\/strong>\u00a0equipment is guaranteed 12 (twelve) months from the date of shipment of the equipment by email\u00a0<a href=\"mailto:contact@sportbeeper.com\">contact@sportbeeper.com<\/a> or www.sportbeeper.com. In the event of resale or change of user occurring within these 12 months, the guarantee is not affected and continues until its end.<br \/>During the warranty period, the authorized after-sales service will repair or replace the defective product and \/ or its components. If the warranty is to be used and the equipment repaired and \/ or replaced, the warranty will neither be extended nor renewed.<\/p>\n<p style=\"text-align: justify;\">The warranty covers\u00a0<strong>SportBeeper Pro<\/strong> components and accessories against any raw material or manufacturing issue. This warranty is limited and does not cover wear and tear due to normal use of the product. It does not cover damage related to accidents, shocks, improper use of the product, non-compliance with the instructions in the user manual, poor maintenance, insufficient protection against humidity, immersion, extreme or sudden changes in temperature or environment, opening, alterations or repairs carried out by unauthorized after-sales services.<\/p>\n<p style=\"text-align: justify;\">Warranty is only valid on presentation of invoice and \/ or the delivery form.\u00a0<\/p>\n<p style=\"text-align: justify;\">For any material control and \/ or exchange, within the warranty period (i.e. 12 months), the shipping is the responsibility of the customer. The cost of shipping for checked and \/ or exchanged equipment is supported by Sportbeeper.<br \/>Outside of the warranty period (i.e. More than 12 months after shipment), same shipping terms and conditions applies.<\/p>\n<p>[\/et_pb_text][\/et_pb_column][\/et_pb_row][\/et_pb_section]<\/p>\n","protected":false},"excerpt":{"rendered":"<p>In order to guarantee the registration of your SportBeeper with the After Sales Service (SAV) and thus validate and start your warranty, we ask you to fill out the form below. Thank you for your diligence. The SportBeeper team. How to find your serial number (IUD) Turn on your SportBeeper then go to:Setting \u2192 About [&hellip;]<\/p>\n","protected":false},"author":4,"featured_media":0,"parent":0,"menu_order":0,"comment_status":"closed","ping_status":"closed","template":"","meta":{"_acf_changed":false,"_et_pb_use_builder":"on","_et_pb_old_content":"","_et_gb_content_width":"","footnotes":""},"class_list":["post-3138","page","type-page","status-publish","hentry"],"acf":[],"_links":{"self":[{"href":"https:\/\/sportbeeper.com\/en\/wp-json\/wp\/v2\/pages\/3138","targetHints":{"allow":["GET"]}}],"collection":[{"href":"https:\/\/sportbeeper.com\/en\/wp-json\/wp\/v2\/pages"}],"about":[{"href":"https:\/\/sportbeeper.com\/en\/wp-json\/wp\/v2\/types\/page"}],"author":[{"embeddable":true,"href":"https:\/\/sportbeeper.com\/en\/wp-json\/wp\/v2\/users\/4"}],"replies":[{"embeddable":true,"href":"https:\/\/sportbeeper.com\/en\/wp-json\/wp\/v2\/comments?post=3138"}],"version-history":[{"count":0,"href":"https:\/\/sportbeeper.com\/en\/wp-json\/wp\/v2\/pages\/3138\/revisions"}],"wp:attachment":[{"href":"https:\/\/sportbeeper.com\/en\/wp-json\/wp\/v2\/media?parent=3138"}],"curies":[{"name":"wp","href":"https:\/\/api.w.org\/{rel}","templated":true}]}}